{"id":338,"date":"2022-11-17T06:41:04","date_gmt":"2022-11-17T06:41:04","guid":{"rendered":"https:\/\/engage.edu.az\/?page_id=338"},"modified":"2024-02-26T12:05:26","modified_gmt":"2024-02-26T12:05:26","slug":"haqqimizda","status":"publish","type":"page","link":"https:\/\/engage.edu.az\/en\/haqqimizda\/","title":{"rendered":"About us"},"content":{"rendered":"<div data-elementor-type=\"wp-page\" data-elementor-id=\"338\" class=\"elementor elementor-338\" data-elementor-post-type=\"page\">\n\t\t\t\t\t\t<section class=\"elementor-section elementor-top-section elementor-element elementor-element-516a5cdc elementor-section-full_width elementor-section-height-min-height elementor-section-height-default elementor-section-items-middle\" data-id=\"516a5cdc\" data-element_type=\"section\" data-e-type=\"section\" data-settings=\"{&quot;shape_divider_bottom&quot;:&quot;opacity-tilt&quot;}\">\n\t\t\t\t\t\t\t<div class=\"elementor-background-overlay\"><\/div>\n\t\t\t\t\t\t<div class=\"elementor-shape elementor-shape-bottom\" aria-hidden=\"true\" data-negative=\"false\">\n\t\t\t<svg xmlns=\"http:\/\/www.w3.org\/2000\/svg\" viewbox=\"0 0 2600 131.1\" preserveaspectratio=\"none\">\n\t<path class=\"elementor-shape-fill\" d=\"M0 0L2600 0 2600 69.1 0 0z\"\/>\n\t<path class=\"elementor-shape-fill\" style=\"opacity:0.5\" d=\"M0 0L2600 0 2600 69.1 0 69.1z\"\/>\n\t<path class=\"elementor-shape-fill\" style=\"opacity:0.25\" d=\"M2600 0L0 0 0 130.1 2600 69.1z\"\/>\n<\/svg>\t\t<\/div>\n\t\t\t\t\t<div class=\"elementor-container elementor-column-gap-no\">\n\t\t\t\t\t<div class=\"elementor-column elementor-col-100 elementor-top-column elementor-element elementor-element-3f5a7550\" data-id=\"3f5a7550\" data-element_type=\"column\" data-e-type=\"column\">\n\t\t\t<div class=\"elementor-widget-wrap\">\n\t\t\t\t\t\t\t<\/div>\n\t\t<\/div>\n\t\t\t\t\t<\/div>\n\t\t<\/section>\n\t\t\t\t<section class=\"elementor-section elementor-top-section elementor-element elementor-element-328cce63 elementor-section-full_width elementor-section-height-min-height elementor-section-height-default elementor-section-items-middle\" data-id=\"328cce63\" data-element_type=\"section\" data-e-type=\"section\">\n\t\t\t\t\t\t\t<div class=\"elementor-background-overlay\"><\/div>\n\t\t\t\t\t\t\t<div class=\"elementor-container elementor-column-gap-no\">\n\t\t\t\t\t<div class=\"elementor-column elementor-col-100 elementor-top-column elementor-element elementor-element-4eddb200\" data-id=\"4eddb200\" data-element_type=\"column\" data-e-type=\"column\">\n\t\t\t<div class=\"elementor-widget-wrap elementor-element-populated\">\n\t\t\t\t\t\t<div class=\"elementor-element elementor-element-3dba319d elementor-absolute e-transform elementor-widget elementor-widget-heading\" data-id=\"3dba319d\" data-element_type=\"widget\" data-e-type=\"widget\" data-settings=\"{&quot;_position&quot;:&quot;absolute&quot;,&quot;_transform_translateX_effect&quot;:{&quot;unit&quot;:&quot;px&quot;,&quot;size&quot;:207,&quot;sizes&quot;:[]},&quot;_transform_translateX_effect_tablet&quot;:{&quot;unit&quot;:&quot;px&quot;,&quot;size&quot;:&quot;&quot;,&quot;sizes&quot;:[]},&quot;_transform_translateX_effect_mobile&quot;:{&quot;unit&quot;:&quot;px&quot;,&quot;size&quot;:&quot;&quot;,&quot;sizes&quot;:[]},&quot;_transform_translateY_effect&quot;:{&quot;unit&quot;:&quot;px&quot;,&quot;size&quot;:&quot;&quot;,&quot;sizes&quot;:[]},&quot;_transform_translateY_effect_tablet&quot;:{&quot;unit&quot;:&quot;px&quot;,&quot;size&quot;:&quot;&quot;,&quot;sizes&quot;:[]},&quot;_transform_translateY_effect_mobile&quot;:{&quot;unit&quot;:&quot;px&quot;,&quot;size&quot;:&quot;&quot;,&quot;sizes&quot;:[]}}\" data-widget_type=\"heading.default\">\n\t\t\t\t<div class=\"elementor-widget-container\">\n\t\t\t\t\t<h1 class=\"elementor-heading-title elementor-size-large\">About us<\/h1>\t\t\t\t<\/div>\n\t\t\t\t<\/div>\n\t\t\t\t\t<\/div>\n\t\t<\/div>\n\t\t\t\t\t<\/div>\n\t\t<\/section>\n\t\t\t\t<section class=\"elementor-section elementor-top-section elementor-element elementor-element-750ee29 elementor-section-height-min-height elementor-section-boxed elementor-section-height-default elementor-section-items-middle\" data-id=\"750ee29\" data-element_type=\"section\" data-e-type=\"section\" data-no-translation=\"\">\n\t\t\t\t\t\t<div class=\"elementor-container elementor-column-gap-default\">\n\t\t\t\t\t<div class=\"elementor-column elementor-col-100 elementor-top-column elementor-element elementor-element-244c53f\" data-id=\"244c53f\" data-element_type=\"column\" data-e-type=\"column\">\n\t\t\t<div class=\"elementor-widget-wrap elementor-element-populated\">\n\t\t\t\t\t\t<div class=\"elementor-element elementor-element-231252e elementor-widget elementor-widget-spacer\" data-id=\"231252e\" data-element_type=\"widget\" data-e-type=\"widget\" data-widget_type=\"spacer.default\">\n\t\t\t\t<div class=\"elementor-widget-container\">\n\t\t\t\t\t\t\t<div class=\"elementor-spacer\">\n\t\t\t<div class=\"elementor-spacer-inner\"><\/div>\n\t\t<\/div>\n\t\t\t\t\t\t<\/div>\n\t\t\t\t<\/div>\n\t\t\t\t<div class=\"elementor-element elementor-element-467b368 elementor-widget elementor-widget-heading\" data-id=\"467b368\" data-element_type=\"widget\" data-e-type=\"widget\" data-widget_type=\"heading.default\">\n\t\t\t\t<div class=\"elementor-widget-container\">\n\t\t\t\t\t<h1 class=\"elementor-heading-title elementor-size-default\">Erasmus+<\/h1>\t\t\t\t<\/div>\n\t\t\t\t<\/div>\n\t\t\t\t<div class=\"elementor-element elementor-element-9e7f3ff elementor-widget elementor-widget-text-editor\" data-id=\"9e7f3ff\" data-element_type=\"widget\" data-e-type=\"widget\" data-widget_type=\"text-editor.default\">\n\t\t\t\t<div class=\"elementor-widget-container\">\n\t\t\t\t\t\t\t\t\t<p><strong>Project name: <\/strong>Enhancing sustainable entrepreneurial ecosystem in higher education of Azerbaijan<\/p><p><strong>Project acronym<\/strong>:\u00a0 ENGAGE<\/p><p><strong>Coordinator University:<\/strong> Mingachevir State University<\/p><p><strong>Project Coordinator: <\/strong>Eshgin Bayramov<\/p><p><strong>Project Duration<\/strong>:36 months (2023-2025)<\/p><p><strong>General goal of the project<\/strong><\/p><p>The ultimate goal of the project is enhancing the entrepreneurial mindset and environment in higher education by integrating the entrepreneurship in governance, management and curriculum, as well as providing environments, cultures, practices, and opportunities by Entrepreneurship and Innovation centers that will conducive to encourage and embrace staff and student entrepreneurship.<\/p><p><strong>Specific Objectives:<\/strong><\/p><p>To boost entrepreneurship capacity of staff and student by establishing or developing an Entrepreneurship and Innovation Centers within 11 higher-education institutions;<\/p><p>To prepare benchmark reports which will include in depth analysis of entrepreneurial capacity of Azerbaijan universities towards increasing the capacity to innovate, recognize and create opportunities at national and international level<\/p><p>To invest into creation and sustenance of entrepreneurship-oriented universities through integration of entrepreneurship in curricula and teaching methodologies with the goal to advance understanding of entrepreneurial spirit\/culture as well as to promote practical\/hands-on approach that would lead to experience-based start-up and spinoff mind-set and skills<\/p><p>To increase the entrepreneurship activities in nationwide by enhancing the capacity of national center for entrepreneurship in education and establishing National entrepreneurial university award<\/p><p>To provide universities with systematic strategy and a framework in order to assess them to integrate the entrepreneurship in governance and management to assess and effectively develop the individual and institutional competences to improve entrepreneurial mind-set at national wide<\/p><p>Taking into consideration the development of an entrepreneurial mind-set and improved competencies and skills within the institutions are key aspects of Strand 2 the activities designed will directly support the universities to enhance the entrepreneurial competences of individuals and partner institutions. All the activities will refer to the single framework &#8211; The EntreComp Framework which is made up of 3 competence areas: \u2018Ideas and opportunities\u2019, \u2018Resources\u2019 and \u2018Into action\u2019. Each area includes 5 competences, which, together, are the building blocks of entrepreneurship as a competence.<\/p>\t\t\t\t\t\t\t\t<\/div>\n\t\t\t\t<\/div>\n\t\t\t\t\t<\/div>\n\t\t<\/div>\n\t\t\t\t\t<\/div>\n\t\t<\/section>\n\t\t\t\t<\/div>","protected":false},"excerpt":{"rendered":"<p>Haqq\u0131m\u0131zda Erasmus+ layih\u0259si Ming\u0259\u00e7evir D\u00f6vl\u0259t Universitetinin (MDU) koordinatorlu\u011fu il\u0259 haz\u0131rlanm\u0131\u015f v\u0259 t\u0259qdim edilmi\u015f Erasmus+ layih\u0259si 2022-ci ild\u0259 Avropa Komissiyas\u0131 t\u0259r\u0259find\u0259n maliyy\u0259l\u0259\u015fdirm\u0259 \u00fc\u00e7\u00fcn q\u0259bul edilib. MDU koordinator statusunda Erasmus+ proqram\u0131n\u0131n qalibi olan ilk region universitetidir. Layih\u0259nin ad\u0131 \u201cAz\u0259rbaycan ali t\u0259hsilind\u0259 sahibkarl\u0131q ekosisteminin g\u00fccl\u0259ndirilm\u0259si\u201d (Enhancing Sustainable Entrepreneurial Ecosystem in Higher Education of Azerbaijan \u2013 ENGAGE) Layih\u0259nin m\u0259qs\u0259di [&hellip;]<\/p>\n","protected":false},"author":8,"featured_media":0,"parent":0,"menu_order":0,"comment_status":"closed","ping_status":"closed","template":"","meta":{"ocean_post_layout":"full-screen","ocean_both_sidebars_style":"","ocean_both_sidebars_content_width":0,"ocean_both_sidebars_sidebars_width":0,"ocean_sidebar":"0","ocean_second_sidebar":"0","ocean_disable_margins":"enable","ocean_add_body_class":"","ocean_shortcode_before_top_bar":"","ocean_shortcode_after_top_bar":"","ocean_shortcode_before_header":"","ocean_shortcode_after_header":"","ocean_has_shortcode":"","ocean_shortcode_after_title":"","ocean_shortcode_before_footer_widgets":"","ocean_shortcode_after_footer_widgets":"","ocean_shortcode_before_footer_bottom":"","ocean_shortcode_after_footer_bottom":"","ocean_display_top_bar":"off","ocean_display_header":"off","ocean_header_style":"","ocean_center_header_left_menu":"0","ocean_custom_header_template":"0","ocean_custom_logo":0,"ocean_custom_retina_logo":0,"ocean_custom_logo_max_width":0,"ocean_custom_logo_tablet_max_width":0,"ocean_custom_logo_mobile_max_width":0,"ocean_custom_logo_max_height":0,"ocean_custom_logo_tablet_max_height":0,"ocean_custom_logo_mobile_max_height":0,"ocean_header_custom_menu":"0","ocean_menu_typo_font_family":"0","ocean_menu_typo_font_subset":"","ocean_menu_typo_font_size":0,"ocean_menu_typo_font_size_tablet":0,"ocean_menu_typo_font_size_mobile":0,"ocean_menu_typo_font_size_unit":"px","ocean_menu_typo_font_weight":"","ocean_menu_typo_font_weight_tablet":"","ocean_menu_typo_font_weight_mobile":"","ocean_menu_typo_transform":"","ocean_menu_typo_transform_tablet":"","ocean_menu_typo_transform_mobile":"","ocean_menu_typo_line_height":0,"ocean_menu_typo_line_height_tablet":0,"ocean_menu_typo_line_height_mobile":0,"ocean_menu_typo_line_height_unit":"","ocean_menu_typo_spacing":0,"ocean_menu_typo_spacing_tablet":0,"ocean_menu_typo_spacing_mobile":0,"ocean_menu_typo_spacing_unit":"","ocean_menu_link_color":"","ocean_menu_link_color_hover":"","ocean_menu_link_color_active":"","ocean_menu_link_background":"","ocean_menu_link_hover_background":"","ocean_menu_link_active_background":"","ocean_menu_social_links_bg":"","ocean_menu_social_hover_links_bg":"","ocean_menu_social_links_color":"","ocean_menu_social_hover_links_color":"","ocean_disable_title":"on","ocean_disable_heading":"default","ocean_post_title":"","ocean_post_subheading":"","ocean_post_title_style":"","ocean_post_title_background_color":"","ocean_post_title_background":0,"ocean_post_title_bg_image_position":"","ocean_post_title_bg_image_attachment":"","ocean_post_title_bg_image_repeat":"","ocean_post_title_bg_image_size":"","ocean_post_title_height":0,"ocean_post_title_bg_overlay":0.5,"ocean_post_title_bg_overlay_color":"","ocean_disable_breadcrumbs":"default","ocean_breadcrumbs_color":"","ocean_breadcrumbs_separator_color":"","ocean_breadcrumbs_links_color":"","ocean_breadcrumbs_links_hover_color":"","ocean_display_footer_widgets":"off","ocean_display_footer_bottom":"off","ocean_custom_footer_template":"0","footnotes":""},"class_list":["post-338","page","type-page","status-publish","hentry","entry"],"_links":{"self":[{"href":"https:\/\/engage.edu.az\/en\/wp-json\/wp\/v2\/pages\/338","targetHints":{"allow":["GET"]}}],"collection":[{"href":"https:\/\/engage.edu.az\/en\/wp-json\/wp\/v2\/pages"}],"about":[{"href":"https:\/\/engage.edu.az\/en\/wp-json\/wp\/v2\/types\/page"}],"author":[{"embeddable":true,"href":"https:\/\/engage.edu.az\/en\/wp-json\/wp\/v2\/users\/8"}],"replies":[{"embeddable":true,"href":"https:\/\/engage.edu.az\/en\/wp-json\/wp\/v2\/comments?post=338"}],"version-history":[{"count":253,"href":"https:\/\/engage.edu.az\/en\/wp-json\/wp\/v2\/pages\/338\/revisions"}],"predecessor-version":[{"id":4420,"href":"https:\/\/engage.edu.az\/en\/wp-json\/wp\/v2\/pages\/338\/revisions\/4420"}],"wp:attachment":[{"href":"https:\/\/engage.edu.az\/en\/wp-json\/wp\/v2\/media?parent=338"}],"curies":[{"name":"wp","href":"https:\/\/api.w.org\/{rel}","templated":true}]}}