{"id":1253,"date":"2022-11-21T11:17:00","date_gmt":"2022-11-21T11:17:00","guid":{"rendered":"https:\/\/engage.edu.az\/?page_id=1253"},"modified":"2024-03-05T07:14:24","modified_gmt":"2024-03-05T07:14:24","slug":"terefdaslar","status":"publish","type":"page","link":"https:\/\/engage.edu.az\/en\/terefdaslar\/","title":{"rendered":"Partners"},"content":{"rendered":"<div data-elementor-type=\"wp-page\" data-elementor-id=\"1253\" class=\"elementor elementor-1253\" data-elementor-post-type=\"page\">\n\t\t\t\t\t\t<section class=\"elementor-section elementor-top-section elementor-element elementor-element-2ff2d1e elementor-section-full_width elementor-section-height-min-height elementor-section-height-default elementor-section-items-middle\" data-id=\"2ff2d1e\" data-element_type=\"section\" data-e-type=\"section\" data-settings=\"{&quot;shape_divider_bottom&quot;:&quot;opacity-tilt&quot;}\">\n\t\t\t\t\t\t\t<div class=\"elementor-background-overlay\"><\/div>\n\t\t\t\t\t\t<div class=\"elementor-shape elementor-shape-bottom\" aria-hidden=\"true\" data-negative=\"false\">\n\t\t\t<svg xmlns=\"http:\/\/www.w3.org\/2000\/svg\" viewbox=\"0 0 2600 131.1\" preserveaspectratio=\"none\">\n\t<path class=\"elementor-shape-fill\" d=\"M0 0L2600 0 2600 69.1 0 0z\"\/>\n\t<path class=\"elementor-shape-fill\" style=\"opacity:0.5\" d=\"M0 0L2600 0 2600 69.1 0 69.1z\"\/>\n\t<path class=\"elementor-shape-fill\" style=\"opacity:0.25\" d=\"M2600 0L0 0 0 130.1 2600 69.1z\"\/>\n<\/svg>\t\t<\/div>\n\t\t\t\t\t<div class=\"elementor-container elementor-column-gap-no\">\n\t\t\t\t\t<div class=\"elementor-column elementor-col-100 elementor-top-column elementor-element elementor-element-23b2c655\" data-id=\"23b2c655\" data-element_type=\"column\" data-e-type=\"column\">\n\t\t\t<div class=\"elementor-widget-wrap\">\n\t\t\t\t\t\t\t<\/div>\n\t\t<\/div>\n\t\t\t\t\t<\/div>\n\t\t<\/section>\n\t\t\t\t<section class=\"elementor-section elementor-top-section elementor-element elementor-element-13c97ca4 elementor-section-full_width elementor-section-height-min-height elementor-section-height-default elementor-section-items-middle\" data-id=\"13c97ca4\" data-element_type=\"section\" data-e-type=\"section\">\n\t\t\t\t\t\t\t<div class=\"elementor-background-overlay\"><\/div>\n\t\t\t\t\t\t\t<div class=\"elementor-container elementor-column-gap-no\">\n\t\t\t\t\t<div class=\"elementor-column elementor-col-100 elementor-top-column elementor-element elementor-element-5a9530e8\" data-id=\"5a9530e8\" data-element_type=\"column\" data-e-type=\"column\">\n\t\t\t<div class=\"elementor-widget-wrap elementor-element-populated\">\n\t\t\t\t\t\t<div class=\"elementor-element elementor-element-4d68f40e elementor-absolute e-transform elementor-widget elementor-widget-heading\" data-id=\"4d68f40e\" data-element_type=\"widget\" data-e-type=\"widget\" data-settings=\"{&quot;_position&quot;:&quot;absolute&quot;,&quot;_transform_translateX_effect&quot;:{&quot;unit&quot;:&quot;px&quot;,&quot;size&quot;:207,&quot;sizes&quot;:[]},&quot;_transform_translateX_effect_tablet&quot;:{&quot;unit&quot;:&quot;px&quot;,&quot;size&quot;:&quot;&quot;,&quot;sizes&quot;:[]},&quot;_transform_translateX_effect_mobile&quot;:{&quot;unit&quot;:&quot;px&quot;,&quot;size&quot;:&quot;&quot;,&quot;sizes&quot;:[]},&quot;_transform_translateY_effect&quot;:{&quot;unit&quot;:&quot;px&quot;,&quot;size&quot;:&quot;&quot;,&quot;sizes&quot;:[]},&quot;_transform_translateY_effect_tablet&quot;:{&quot;unit&quot;:&quot;px&quot;,&quot;size&quot;:&quot;&quot;,&quot;sizes&quot;:[]},&quot;_transform_translateY_effect_mobile&quot;:{&quot;unit&quot;:&quot;px&quot;,&quot;size&quot;:&quot;&quot;,&quot;sizes&quot;:[]}}\" data-widget_type=\"heading.default\">\n\t\t\t\t<div class=\"elementor-widget-container\">\n\t\t\t\t\t<h1 class=\"elementor-heading-title elementor-size-large\">Partners<\/h1>\t\t\t\t<\/div>\n\t\t\t\t<\/div>\n\t\t\t\t\t<\/div>\n\t\t<\/div>\n\t\t\t\t\t<\/div>\n\t\t<\/section>\n\t\t\t\t<section class=\"elementor-section elementor-top-section elementor-element elementor-element-4e59cf9 elementor-section-height-min-height elementor-section-boxed elementor-section-height-default elementor-section-items-middle\" data-id=\"4e59cf9\" data-element_type=\"section\" data-e-type=\"section\">\n\t\t\t\t\t\t<div class=\"elementor-container elementor-column-gap-default\">\n\t\t\t\t\t<div class=\"elementor-column elementor-col-100 elementor-top-column elementor-element elementor-element-ffa913a\" data-id=\"ffa913a\" data-element_type=\"column\" data-e-type=\"column\">\n\t\t\t<div class=\"elementor-widget-wrap elementor-element-populated\">\n\t\t\t\t\t\t<div class=\"elementor-element elementor-element-fa64e55 elementor-widget elementor-widget-spacer\" data-id=\"fa64e55\" data-element_type=\"widget\" data-e-type=\"widget\" data-widget_type=\"spacer.default\">\n\t\t\t\t<div class=\"elementor-widget-container\">\n\t\t\t\t\t\t\t<div class=\"elementor-spacer\">\n\t\t\t<div class=\"elementor-spacer-inner\"><\/div>\n\t\t<\/div>\n\t\t\t\t\t\t<\/div>\n\t\t\t\t<\/div>\n\t\t\t\t<div class=\"elementor-element elementor-element-dac35b4 elementor-widget elementor-widget-heading\" data-id=\"dac35b4\" data-element_type=\"widget\" data-e-type=\"widget\" data-widget_type=\"heading.default\">\n\t\t\t\t<div class=\"elementor-widget-container\">\n\t\t\t\t\t<h2 class=\"elementor-heading-title elementor-size-default\">Local Partners:<\/h2>\t\t\t\t<\/div>\n\t\t\t\t<\/div>\n\t\t\t\t<div class=\"elementor-element elementor-element-ede9507 elementor-widget elementor-widget-text-editor\" data-id=\"ede9507\" data-element_type=\"widget\" data-e-type=\"widget\" data-widget_type=\"text-editor.default\">\n\t\t\t\t<div class=\"elementor-widget-container\">\n\t\t\t\t\t\t\t\t\t<p>\u2981 <a href=\"https:\/\/bbu.edu.az\/en\" target=\"_blank\" rel=\"noopener\">Baku Business University<\/a><br>\u2981 <a href=\"https:\/\/unec.edu.az\/\" target=\"_blank\" rel=\"noopener\">Azerbaijan State University of Economics<\/a><br>\u2981 <a href=\"https:\/\/www.aztu.edu.az\/az\" target=\"_blank\" rel=\"noopener\">Azerbaijan Technical University<\/a><br>\u2981 <a href=\"https:\/\/www.bhos.edu.az\/en\" target=\"_blank\" rel=\"noopener\">Baku Higher Oil School<\/a><br>\u2981 <a href=\"https:\/\/www.admiu.edu.az\/en.php\" target=\"_blank\" rel=\"noopener\">Azerbaijan State University of Culture and Arts<\/a><br>\u2981 <a href=\"https:\/\/gdu.edu.az\/\" target=\"_blank\" rel=\"noopener\">Ganja State University<\/a><br>\u2981 <a href=\"https:\/\/ndu.edu.az\/\" target=\"_blank\" rel=\"noopener\">Nakchivan State University<\/a><br>\u2981 <a href=\"https:\/\/atmu.edu.az\/en\/web\/index\" target=\"_blank\" rel=\"noopener\">Azerbaijan Tourism and Management University<\/a><br>\u2981 <a href=\"https:\/\/www.adau.edu.az\/en\/\" target=\"_blank\" rel=\"noopener\">Azerbaijan State Agricultural University<\/a><br>\u2981 <a href=\"https:\/\/oyu.edu.az\/en\/\" target=\"_blank\" rel=\"noopener\">Odlar Yurdu University<\/a><br>\u2981 <a href=\"http:\/\/ask.org.az\/en\/\" target=\"_blank\" rel=\"noopener\">National Confederation of Entrepreneurs (Employers) Organizations of the Republic of Azerbaijan<\/a><br><\/p>\t\t\t\t\t\t\t\t<\/div>\n\t\t\t\t<\/div>\n\t\t\t\t<div class=\"elementor-element elementor-element-492e4d9 elementor-widget elementor-widget-heading\" data-id=\"492e4d9\" data-element_type=\"widget\" data-e-type=\"widget\" data-widget_type=\"heading.default\">\n\t\t\t\t<div class=\"elementor-widget-container\">\n\t\t\t\t\t<h2 class=\"elementor-heading-title elementor-size-default\">Associative Partners<\/h2>\t\t\t\t<\/div>\n\t\t\t\t<\/div>\n\t\t\t\t<div class=\"elementor-element elementor-element-816c2d9 elementor-widget elementor-widget-text-editor\" data-id=\"816c2d9\" data-element_type=\"widget\" data-e-type=\"widget\" data-widget_type=\"text-editor.default\">\n\t\t\t\t<div class=\"elementor-widget-container\">\n\t\t\t\t\t\t\t\t\t<p><strong>\u2981 <a href=\"https:\/\/aqsia.az\/\" target=\"_blank\" rel=\"noopener\">Association of Women Entrepreneurship Development in Azerbaijan<\/a> <\/strong><br \/><strong>\u2981 <a href=\"https:\/\/vxsida.gov.az\/en\" target=\"_blank\" rel=\"noopener\">The State Agency for Public Service and Social Innovations under the President of the Republic of Azerbaijan<\/a><\/strong><br \/><strong>\u2981 <a href=\"https:\/\/www.hrinstitute.az\/en\" target=\"_blank\" rel=\"noopener\">Azerbaijan HR Institute<\/a><\/strong><\/p>\t\t\t\t\t\t\t\t<\/div>\n\t\t\t\t<\/div>\n\t\t\t\t<div class=\"elementor-element elementor-element-b123b19 elementor-widget elementor-widget-heading\" data-id=\"b123b19\" data-element_type=\"widget\" data-e-type=\"widget\" data-widget_type=\"heading.default\">\n\t\t\t\t<div class=\"elementor-widget-container\">\n\t\t\t\t\t<h2 class=\"elementor-heading-title elementor-size-default\">European Partners<\/h2>\t\t\t\t<\/div>\n\t\t\t\t<\/div>\n\t\t\t\t<div class=\"elementor-element elementor-element-952df80 elementor-widget elementor-widget-text-editor\" data-id=\"952df80\" data-element_type=\"widget\" data-e-type=\"widget\" data-widget_type=\"text-editor.default\">\n\t\t\t\t<div class=\"elementor-widget-container\">\n\t\t\t\t\t\t\t\t\t<p>\u2981 <a href=\"https:\/\/taltech.ee\/en\/\" target=\"_blank\" rel=\"noopener\">Tallinn University of Technology<\/a><br \/>\u2981 <a href=\"https:\/\/www.kth.se\/en\" target=\"_blank\" rel=\"noopener\">KTH Royal Institute of Technology<\/a><br \/>\u2981 <a href=\"https:\/\/www.ulisboa.pt\/en\" target=\"_blank\" rel=\"noopener\">Lissabon University<\/a><br \/>\u2981 <a href=\"https:\/\/www.upc.edu\/en\" target=\"_blank\" rel=\"noopener\">Polytechnic University of Catalonia<\/a><br \/>\u2981 <a href=\"https:\/\/study.gov.pl\/university\/wsg-university\" target=\"_blank\" rel=\"noopener\">WSG University<\/a><\/p>\t\t\t\t\t\t\t\t<\/div>\n\t\t\t\t<\/div>\n\t\t\t\t\t<\/div>\n\t\t<\/div>\n\t\t\t\t\t<\/div>\n\t\t<\/section>\n\t\t\t\t<\/div>","protected":false},"excerpt":{"rendered":"<p>T\u0259r\u0259fda\u015flar Layih\u0259nin Az\u0259rbaycandan olan t\u0259r\u0259fda\u015flar\u0131 \u2981 Bak\u0131 Biznes Universiteti\u2981 Az\u0259rbaycan D\u00f6vl\u0259t \u0130qtisad Universiteti\u2981 Az\u0259rbaycan Texniki Universiteti\u2981 Bak\u0131 Ali Neft M\u0259kt\u0259bi\u2981 Az\u0259rbaycan D\u00f6vl\u0259t M\u0259d\u0259niyy\u0259t v\u0259 \u0130nc\u0259s\u0259n\u0259t Universiteti\u2981 G\u0259nc\u0259 D\u00f6vl\u0259t Universiteti\u2981 Nax\u00e7\u0131van D\u00f6vl\u0259t Universiteti\u2981 Az\u0259rbaycan Turizm v\u0259 Menecment Universiteti\u2981 Az\u0259rbaycan D\u00f6vl\u0259t Aqrar Universiteti\u2981 Odlar Yurdu Universiteti\u2981 Az\u0259rbaycan Respublikas\u0131 Sahibkarlar (\u0130\u015f\u0259g\u00f6t\u00fcr\u0259nl\u0259r) T\u0259\u015fkilatlar\u0131 Milli Konfederasiyas\u0131 (ASK) Assosiativ t\u0259r\u0259fda\u015flar\u0131 \u2981 [&hellip;]<\/p>\n","protected":false},"author":8,"featured_media":0,"parent":0,"menu_order":0,"comment_status":"closed","ping_status":"closed","template":"","meta":{"ocean_post_layout":"full-screen","ocean_both_sidebars_style":"","ocean_both_sidebars_content_width":0,"ocean_both_sidebars_sidebars_width":0,"ocean_sidebar":"0","ocean_second_sidebar":"0","ocean_disable_margins":"enable","ocean_add_body_class":"","ocean_shortcode_before_top_bar":"","ocean_shortcode_after_top_bar":"","ocean_shortcode_before_header":"","ocean_shortcode_after_header":"","ocean_has_shortcode":"","ocean_shortcode_after_title":"","ocean_shortcode_before_footer_widgets":"","ocean_shortcode_after_footer_widgets":"","ocean_shortcode_before_footer_bottom":"","ocean_shortcode_after_footer_bottom":"","ocean_display_top_bar":"off","ocean_display_header":"off","ocean_header_style":"","ocean_center_header_left_menu":"0","ocean_custom_header_template":"0","ocean_custom_logo":0,"ocean_custom_retina_logo":0,"ocean_custom_logo_max_width":0,"ocean_custom_logo_tablet_max_width":0,"ocean_custom_logo_mobile_max_width":0,"ocean_custom_logo_max_height":0,"ocean_custom_logo_tablet_max_height":0,"ocean_custom_logo_mobile_max_height":0,"ocean_header_custom_menu":"0","ocean_menu_typo_font_family":"0","ocean_menu_typo_font_subset":"","ocean_menu_typo_font_size":0,"ocean_menu_typo_font_size_tablet":0,"ocean_menu_typo_font_size_mobile":0,"ocean_menu_typo_font_size_unit":"px","ocean_menu_typo_font_weight":"","ocean_menu_typo_font_weight_tablet":"","ocean_menu_typo_font_weight_mobile":"","ocean_menu_typo_transform":"","ocean_menu_typo_transform_tablet":"","ocean_menu_typo_transform_mobile":"","ocean_menu_typo_line_height":0,"ocean_menu_typo_line_height_tablet":0,"ocean_menu_typo_line_height_mobile":0,"ocean_menu_typo_line_height_unit":"","ocean_menu_typo_spacing":0,"ocean_menu_typo_spacing_tablet":0,"ocean_menu_typo_spacing_mobile":0,"ocean_menu_typo_spacing_unit":"","ocean_menu_link_color":"","ocean_menu_link_color_hover":"","ocean_menu_link_color_active":"","ocean_menu_link_background":"","ocean_menu_link_hover_background":"","ocean_menu_link_active_background":"","ocean_menu_social_links_bg":"","ocean_menu_social_hover_links_bg":"","ocean_menu_social_links_color":"","ocean_menu_social_hover_links_color":"","ocean_disable_title":"on","ocean_disable_heading":"default","ocean_post_title":"","ocean_post_subheading":"","ocean_post_title_style":"","ocean_post_title_background_color":"","ocean_post_title_background":0,"ocean_post_title_bg_image_position":"","ocean_post_title_bg_image_attachment":"","ocean_post_title_bg_image_repeat":"","ocean_post_title_bg_image_size":"","ocean_post_title_height":0,"ocean_post_title_bg_overlay":0.5,"ocean_post_title_bg_overlay_color":"","ocean_disable_breadcrumbs":"default","ocean_breadcrumbs_color":"","ocean_breadcrumbs_separator_color":"","ocean_breadcrumbs_links_color":"","ocean_breadcrumbs_links_hover_color":"","ocean_display_footer_widgets":"off","ocean_display_footer_bottom":"off","ocean_custom_footer_template":"0","footnotes":""},"class_list":["post-1253","page","type-page","status-publish","hentry","entry"],"_links":{"self":[{"href":"https:\/\/engage.edu.az\/en\/wp-json\/wp\/v2\/pages\/1253","targetHints":{"allow":["GET"]}}],"collection":[{"href":"https:\/\/engage.edu.az\/en\/wp-json\/wp\/v2\/pages"}],"about":[{"href":"https:\/\/engage.edu.az\/en\/wp-json\/wp\/v2\/types\/page"}],"author":[{"embeddable":true,"href":"https:\/\/engage.edu.az\/en\/wp-json\/wp\/v2\/users\/8"}],"replies":[{"embeddable":true,"href":"https:\/\/engage.edu.az\/en\/wp-json\/wp\/v2\/comments?post=1253"}],"version-history":[{"count":78,"href":"https:\/\/engage.edu.az\/en\/wp-json\/wp\/v2\/pages\/1253\/revisions"}],"predecessor-version":[{"id":4510,"href":"https:\/\/engage.edu.az\/en\/wp-json\/wp\/v2\/pages\/1253\/revisions\/4510"}],"wp:attachment":[{"href":"https:\/\/engage.edu.az\/en\/wp-json\/wp\/v2\/media?parent=1253"}],"curies":[{"name":"wp","href":"https:\/\/api.w.org\/{rel}","templated":true}]}}